{"id":182,"date":"2023-05-31T12:26:35","date_gmt":"2023-05-31T12:26:35","guid":{"rendered":"https:\/\/www.liasseservicos.co.mz\/?page_id=182"},"modified":"2023-06-02T09:48:18","modified_gmt":"2023-06-02T07:48:18","slug":"acerca","status":"publish","type":"page","link":"https:\/\/www.liasseservicos.co.mz\/?page_id=182","title":{"rendered":"Acerca"},"content":{"rendered":"\t\t<div data-elementor-type=\"wp-page\" data-elementor-id=\"182\" class=\"elementor elementor-182\">\n\t\t\t\t\t\t<section class=\"elementor-section elementor-top-section elementor-element elementor-element-31decc7 elementor-section-boxed elementor-section-height-default elementor-section-height-default\" data-id=\"31decc7\" data-element_type=\"section\" data-e-type=\"section\">\n\t\t\t\t\t\t<div class=\"elementor-container elementor-column-gap-default\">\n\t\t\t\t\t<div class=\"elementor-column elementor-col-50 elementor-top-column elementor-element elementor-element-09eb387\" data-id=\"09eb387\" data-element_type=\"column\" data-e-type=\"column\">\n\t\t\t<div class=\"elementor-widget-wrap elementor-element-populated\">\n\t\t\t\t\t\t<div class=\"elementor-element elementor-element-d7e12b8 elementor-widget elementor-widget-heading\" data-id=\"d7e12b8\" data-element_type=\"widget\" data-e-type=\"widget\" data-widget_type=\"heading.default\">\n\t\t\t\t<div class=\"elementor-widget-container\">\n\t\t\t\t\t<h3 class=\"elementor-heading-title elementor-size-default\">Acerca<\/h3>\t\t\t\t<\/div>\n\t\t\t\t<\/div>\n\t\t\t\t<div class=\"elementor-element elementor-element-dd90f54 elementor-widget__width-initial elementor-widget elementor-widget-text-editor\" data-id=\"dd90f54\" data-element_type=\"widget\" data-e-type=\"widget\" data-widget_type=\"text-editor.default\">\n\t\t\t\t<div class=\"elementor-widget-container\">\n\t\t\t\t\t\t\t\t\t<p style=\"text-align: justify;\"><span style=\"color: #000000;\">da Liasse &amp; Servi\u00e7os \u00e9 uma empresa que se dedica ao servi\u00e7o de catering e gest\u00e3o de centros sociais, devidamente registada na Conservat\u00f3ria do <\/span><span style=\"color: #000000;\">Registo de Entidades Legais, sob o n\u00famero 400501149.<\/span><\/p><p style=\"text-align: justify;\"><span style=\"color: #000000;\">O seu primeiro e \u00faltimo objectivo \u00e9 ser uma empresa de refer\u00eancia nos servi\u00e7os prestados, disponibilizando para o efeito de uma equipa eficaz e <\/span><span style=\"color: #000000;\">personalizado, na qualidade e no bom gosto, primando pela organiza\u00e7\u00e3o. <\/span><\/p><p style=\"text-align: justify;\"><span style=\"color: #000000;\">Reunimos as compet\u00eancias profissionais adequadas ao seu evento e dispomos dos meios indispens\u00e1veis para conquistar e merecer a confian\u00e7a <\/span><span style=\"color: #000000;\">dos nossos clientes, estamos aptos a contribuir para o sucesso dos seus momentos.<\/span><\/p>\t\t\t\t\t\t\t\t<\/div>\n\t\t\t\t<\/div>\n\t\t\t\t\t<\/div>\n\t\t<\/div>\n\t\t\t\t<div class=\"elementor-column elementor-col-50 elementor-top-column elementor-element elementor-element-29e36f6\" data-id=\"29e36f6\" data-element_type=\"column\" data-e-type=\"column\">\n\t\t\t<div class=\"elementor-widget-wrap elementor-element-populated\">\n\t\t\t\t\t\t<div class=\"elementor-element elementor-element-79a9ed2 elementor-widget__width-initial elementor-position-top elementor-widget elementor-widget-image-box\" data-id=\"79a9ed2\" data-element_type=\"widget\" data-e-type=\"widget\" data-widget_type=\"image-box.default\">\n\t\t\t\t<div class=\"elementor-widget-container\">\n\t\t\t\t\t<div class=\"elementor-image-box-wrapper\"><figure class=\"elementor-image-box-img\"><img fetchpriority=\"high\" decoding=\"async\" width=\"381\" height=\"346\" src=\"https:\/\/www.liasseservicos.co.mz\/wp-content\/uploads\/2023\/05\/evaristo-1.jpg\" class=\"attachment-full size-full wp-image-374\" alt=\"\" srcset=\"https:\/\/www.liasseservicos.co.mz\/wp-content\/uploads\/2023\/05\/evaristo-1.jpg 381w, https:\/\/www.liasseservicos.co.mz\/wp-content\/uploads\/2023\/05\/evaristo-1-300x272.jpg 300w\" sizes=\"(max-width: 381px) 100vw, 381px\" \/><\/figure><div class=\"elementor-image-box-content\"><h3 class=\"elementor-image-box-title\">Director geral - Evaristo Liasse<\/h3><\/div><\/div>\t\t\t\t<\/div>\n\t\t\t\t<\/div>\n\t\t\t\t\t<\/div>\n\t\t<\/div>\n\t\t\t\t\t<\/div>\n\t\t<\/section>\n\t\t\t\t<section class=\"elementor-section elementor-top-section elementor-element elementor-element-71b99cf elementor-section-boxed elementor-section-height-default elementor-section-height-default\" data-id=\"71b99cf\" data-element_type=\"section\" data-e-type=\"section\">\n\t\t\t\t\t\t<div class=\"elementor-container elementor-column-gap-default\">\n\t\t\t\t\t<div class=\"elementor-column elementor-col-50 elementor-top-column elementor-element elementor-element-fe7425b\" data-id=\"fe7425b\" data-element_type=\"column\" data-e-type=\"column\">\n\t\t\t<div class=\"elementor-widget-wrap elementor-element-populated\">\n\t\t\t\t\t\t<div class=\"elementor-element elementor-element-7875f66 elementor-widget elementor-widget-image\" data-id=\"7875f66\" data-element_type=\"widget\" data-e-type=\"widget\" data-widget_type=\"image.default\">\n\t\t\t\t<div class=\"elementor-widget-container\">\n\t\t\t\t\t\t\t\t\t\t\t\t\t\t\t<img decoding=\"async\" width=\"296\" height=\"200\" src=\"https:\/\/www.liasseservicos.co.mz\/wp-content\/uploads\/2023\/05\/garantia-da-qualidade.jpeg\" class=\"attachment-large size-large wp-image-378\" alt=\"\" \/>\t\t\t\t\t\t\t\t\t\t\t\t\t\t\t<\/div>\n\t\t\t\t<\/div>\n\t\t\t\t\t<\/div>\n\t\t<\/div>\n\t\t\t\t<div class=\"elementor-column elementor-col-50 elementor-top-column elementor-element elementor-element-febb521\" data-id=\"febb521\" data-element_type=\"column\" data-e-type=\"column\">\n\t\t\t<div class=\"elementor-widget-wrap elementor-element-populated\">\n\t\t\t\t\t\t<div class=\"elementor-element elementor-element-d0e29aa elementor-widget elementor-widget-heading\" data-id=\"d0e29aa\" data-element_type=\"widget\" data-e-type=\"widget\" data-widget_type=\"heading.default\">\n\t\t\t\t<div class=\"elementor-widget-container\">\n\t\t\t\t\t<h4 class=\"elementor-heading-title elementor-size-default\">Garantia de Qualidade<\/h4>\t\t\t\t<\/div>\n\t\t\t\t<\/div>\n\t\t\t\t<div class=\"elementor-element elementor-element-ee1e327 elementor-widget elementor-widget-text-editor\" data-id=\"ee1e327\" data-element_type=\"widget\" data-e-type=\"widget\" data-widget_type=\"text-editor.default\">\n\t\t\t\t<div class=\"elementor-widget-container\">\n\t\t\t\t\t\t\t\t\t<p style=\"text-align: justify;\">Os nossos servi\u00e7os est\u00e3o assegurados de um mecanismo de higiene e seguran\u00e7a que baseia-se no autocontrolo cont\u00ednuo, fazendo inspe\u00e7\u00f5es peri\u00f3dicas dos lugares, de forma que todos os dias, para n\u00f3s, a qualidade n\u00e3o seja um objetivo a alcan\u00e7ar, mas um ponto de partida a confirmar.<\/p>\t\t\t\t\t\t\t\t<\/div>\n\t\t\t\t<\/div>\n\t\t\t\t\t<\/div>\n\t\t<\/div>\n\t\t\t\t\t<\/div>\n\t\t<\/section>\n\t\t\t\t<section class=\"elementor-section elementor-top-section elementor-element elementor-element-323e702 elementor-section-boxed elementor-section-height-default elementor-section-height-default\" data-id=\"323e702\" data-element_type=\"section\" data-e-type=\"section\">\n\t\t\t\t\t\t<div class=\"elementor-container elementor-column-gap-default\">\n\t\t\t\t\t<div class=\"elementor-column elementor-col-50 elementor-top-column elementor-element elementor-element-a84e4de\" data-id=\"a84e4de\" data-element_type=\"column\" data-e-type=\"column\">\n\t\t\t<div class=\"elementor-widget-wrap elementor-element-populated\">\n\t\t\t\t\t\t<div class=\"elementor-element elementor-element-9cb9a65 elementor-widget elementor-widget-image\" data-id=\"9cb9a65\" data-element_type=\"widget\" data-e-type=\"widget\" data-widget_type=\"image.default\">\n\t\t\t\t<div class=\"elementor-widget-container\">\n\t\t\t\t\t\t\t\t\t\t\t\t\t\t\t<img decoding=\"async\" width=\"300\" height=\"300\" src=\"https:\/\/www.liasseservicos.co.mz\/wp-content\/uploads\/2023\/05\/COPERTINA-CATERING-LOGISTICA-STOCCAGGIO-BOX-300x300-1.jpg\" class=\"attachment-large size-large wp-image-379\" alt=\"\" srcset=\"https:\/\/www.liasseservicos.co.mz\/wp-content\/uploads\/2023\/05\/COPERTINA-CATERING-LOGISTICA-STOCCAGGIO-BOX-300x300-1.jpg 300w, https:\/\/www.liasseservicos.co.mz\/wp-content\/uploads\/2023\/05\/COPERTINA-CATERING-LOGISTICA-STOCCAGGIO-BOX-300x300-1-150x150.jpg 150w\" sizes=\"(max-width: 300px) 100vw, 300px\" \/>\t\t\t\t\t\t\t\t\t\t\t\t\t\t\t<\/div>\n\t\t\t\t<\/div>\n\t\t\t\t\t<\/div>\n\t\t<\/div>\n\t\t\t\t<div class=\"elementor-column elementor-col-50 elementor-top-column elementor-element elementor-element-fef7caf\" data-id=\"fef7caf\" data-element_type=\"column\" data-e-type=\"column\">\n\t\t\t<div class=\"elementor-widget-wrap elementor-element-populated\">\n\t\t\t\t\t\t<div class=\"elementor-element elementor-element-31e2e30 elementor-widget elementor-widget-heading\" data-id=\"31e2e30\" data-element_type=\"widget\" data-e-type=\"widget\" data-widget_type=\"heading.default\">\n\t\t\t\t<div class=\"elementor-widget-container\">\n\t\t\t\t\t<h4 class=\"elementor-heading-title elementor-size-default\">Logistica<\/h4>\t\t\t\t<\/div>\n\t\t\t\t<\/div>\n\t\t\t\t<div class=\"elementor-element elementor-element-b4614a4 elementor-widget elementor-widget-text-editor\" data-id=\"b4614a4\" data-element_type=\"widget\" data-e-type=\"widget\" data-widget_type=\"text-editor.default\">\n\t\t\t\t<div class=\"elementor-widget-container\">\n\t\t\t\t\t\t\t\t\t<p style=\"text-align: justify;\">A Liasse &amp; Servi\u00e7os \u00e9 constitu\u00edda por 51 trabalhadores entre eles pode-se encontrar serventes, cozinheiros e cozinheiro-chefe, como pessoal ligado diretamente ao servi\u00e7o de culin\u00e1ria, panifica\u00e7\u00e3o e pastelaria. Para cumprir com os nossos objetivos de servir cada vez melhor os nossos clientes, dispomos de transporte pr\u00f3prio equipado com sistema moderno de frio e uma linha de comunica\u00e7\u00e3o para a equipa de trabalho. Levando em considera\u00e7\u00e3o todos estes recursos, temos capacidade para ofereceremos os nossos servi\u00e7os a um n\u00famero m\u00e1ximo de 3000 pessoas.<\/p>\t\t\t\t\t\t\t\t<\/div>\n\t\t\t\t<\/div>\n\t\t\t\t\t<\/div>\n\t\t<\/div>\n\t\t\t\t\t<\/div>\n\t\t<\/section>\n\t\t\t\t<section class=\"elementor-section elementor-top-section elementor-element elementor-element-646ad11 elementor-section-boxed elementor-section-height-default elementor-section-height-default\" data-id=\"646ad11\" data-element_type=\"section\" data-e-type=\"section\">\n\t\t\t\t\t\t<div class=\"elementor-container elementor-column-gap-default\">\n\t\t\t\t\t<div class=\"elementor-column elementor-col-50 elementor-top-column elementor-element elementor-element-e1a98b9\" data-id=\"e1a98b9\" data-element_type=\"column\" data-e-type=\"column\">\n\t\t\t<div class=\"elementor-widget-wrap elementor-element-populated\">\n\t\t\t\t\t\t<div class=\"elementor-element elementor-element-ebca5e3 elementor-widget elementor-widget-image\" data-id=\"ebca5e3\" data-element_type=\"widget\" data-e-type=\"widget\" data-widget_type=\"image.default\">\n\t\t\t\t<div class=\"elementor-widget-container\">\n\t\t\t\t\t\t\t\t\t\t\t\t\t\t\t<img loading=\"lazy\" decoding=\"async\" width=\"400\" height=\"190\" src=\"https:\/\/www.liasseservicos.co.mz\/wp-content\/uploads\/2023\/05\/clientes.jpg\" class=\"attachment-large size-large wp-image-387\" alt=\"\" srcset=\"https:\/\/www.liasseservicos.co.mz\/wp-content\/uploads\/2023\/05\/clientes.jpg 400w, https:\/\/www.liasseservicos.co.mz\/wp-content\/uploads\/2023\/05\/clientes-300x143.jpg 300w\" sizes=\"(max-width: 400px) 100vw, 400px\" \/>\t\t\t\t\t\t\t\t\t\t\t\t\t\t\t<\/div>\n\t\t\t\t<\/div>\n\t\t\t\t\t<\/div>\n\t\t<\/div>\n\t\t\t\t<div class=\"elementor-column elementor-col-50 elementor-top-column elementor-element elementor-element-399509f\" data-id=\"399509f\" data-element_type=\"column\" data-e-type=\"column\">\n\t\t\t<div class=\"elementor-widget-wrap elementor-element-populated\">\n\t\t\t\t\t\t<div class=\"elementor-element elementor-element-6c1b94e elementor-widget elementor-widget-heading\" data-id=\"6c1b94e\" data-element_type=\"widget\" data-e-type=\"widget\" data-widget_type=\"heading.default\">\n\t\t\t\t<div class=\"elementor-widget-container\">\n\t\t\t\t\t<h4 class=\"elementor-heading-title elementor-size-default\">Os nossos clientes<\/h4>\t\t\t\t<\/div>\n\t\t\t\t<\/div>\n\t\t\t\t<div class=\"elementor-element elementor-element-31372f4 elementor-widget elementor-widget-text-editor\" data-id=\"31372f4\" data-element_type=\"widget\" data-e-type=\"widget\" data-widget_type=\"text-editor.default\">\n\t\t\t\t<div class=\"elementor-widget-container\">\n\t\t\t\t\t\t\t\t\t<p style=\"text-align: justify;\">No presente, a Liasse &amp; Servi\u00e7os tem contratos para fornecimento de refei\u00e7\u00f5es e catering aos funcion\u00e1rios em diversas institui\u00e7\u00f5es, onde fornece mais de 2000 refei\u00e7\u00f5es di\u00e1rias.<\/p>\t\t\t\t\t\t\t\t<\/div>\n\t\t\t\t<\/div>\n\t\t\t\t\t<\/div>\n\t\t<\/div>\n\t\t\t\t\t<\/div>\n\t\t<\/section>\n\t\t\t\t<section class=\"elementor-section elementor-top-section elementor-element elementor-element-5b9fba2 elementor-section-boxed elementor-section-height-default elementor-section-height-default\" data-id=\"5b9fba2\" data-element_type=\"section\" data-e-type=\"section\">\n\t\t\t\t\t\t<div class=\"elementor-container elementor-column-gap-default\">\n\t\t\t\t\t<div class=\"elementor-column elementor-col-100 elementor-top-column elementor-element elementor-element-88c952e\" data-id=\"88c952e\" data-element_type=\"column\" data-e-type=\"column\">\n\t\t\t<div class=\"elementor-widget-wrap elementor-element-populated\">\n\t\t\t\t\t\t<div class=\"elementor-element elementor-element-efdabee elementor-widget elementor-widget-heading\" data-id=\"efdabee\" data-element_type=\"widget\" data-e-type=\"widget\" data-widget_type=\"heading.default\">\n\t\t\t\t<div class=\"elementor-widget-container\">\n\t\t\t\t\t<h4 class=\"elementor-heading-title elementor-size-default\">Dentre eles podem se destacar:<\/h4>\t\t\t\t<\/div>\n\t\t\t\t<\/div>\n\t\t\t\t\t<\/div>\n\t\t<\/div>\n\t\t\t\t\t<\/div>\n\t\t<\/section>\n\t\t\t\t<section class=\"elementor-section elementor-top-section elementor-element elementor-element-a977317 elementor-section-boxed elementor-section-height-default elementor-section-height-default\" data-id=\"a977317\" data-element_type=\"section\" data-e-type=\"section\">\n\t\t\t\t\t\t<div class=\"elementor-container elementor-column-gap-default\">\n\t\t\t\t\t<div class=\"elementor-column elementor-col-50 elementor-top-column elementor-element elementor-element-17c253d\" data-id=\"17c253d\" data-element_type=\"column\" data-e-type=\"column\">\n\t\t\t<div class=\"elementor-widget-wrap elementor-element-populated\">\n\t\t\t\t\t\t<div class=\"elementor-element elementor-element-b033d39 elementor-widget elementor-widget-text-editor\" data-id=\"b033d39\" data-element_type=\"widget\" data-e-type=\"widget\" data-widget_type=\"text-editor.default\">\n\t\t\t\t<div class=\"elementor-widget-container\">\n\t\t\t\t\t\t\t\t\t<ul><li>Conselho Municipal de Maputo<\/li><li>Iscisa (Instituto Superior de Ci\u00eancias em Sa\u00fade)<\/li><li>SDO &#8211; Consultoria<\/li><li>ICAP &#8211; Global Hearth Action<\/li><li>Banco Mundial<\/li><li>FDC (Funda\u00e7\u00e3o para o desenvolvimento da Comunidade)<\/li><\/ul>\t\t\t\t\t\t\t\t<\/div>\n\t\t\t\t<\/div>\n\t\t\t\t\t<\/div>\n\t\t<\/div>\n\t\t\t\t<div class=\"elementor-column elementor-col-50 elementor-top-column elementor-element elementor-element-c84896e\" data-id=\"c84896e\" data-element_type=\"column\" data-e-type=\"column\">\n\t\t\t<div class=\"elementor-widget-wrap elementor-element-populated\">\n\t\t\t\t\t\t<div class=\"elementor-element elementor-element-8f67318 elementor-widget elementor-widget-text-editor\" data-id=\"8f67318\" data-element_type=\"widget\" data-e-type=\"widget\" data-widget_type=\"text-editor.default\">\n\t\t\t\t<div class=\"elementor-widget-container\">\n\t\t\t\t\t\t\t\t\t<ul><li>ANP (Administra\u00e7\u00e3o Nacional das Pescas)<\/li><li>Assembleia da Rep\u00fablica<\/li><li>Igualmente temos o Minist\u00e9rio da Cultura, Universidade Pedag\u00f3gica, Braz e Associados Lda, Water and Sanitation for the Urban Poor, como nossos clientes, oferecendo servi\u00e7os de catering pontualmente.<\/li><\/ul>\t\t\t\t\t\t\t\t<\/div>\n\t\t\t\t<\/div>\n\t\t\t\t\t<\/div>\n\t\t<\/div>\n\t\t\t\t\t<\/div>\n\t\t<\/section>\n\t\t\t\t<\/div>\n\t\t","protected":false},"excerpt":{"rendered":"<p>Acerca da Liasse &amp; Servi\u00e7os \u00e9 uma empresa que se dedica ao servi\u00e7o de catering e gest\u00e3o de centros sociais, devidamente registada na Conservat\u00f3ria do Registo de Entidades Legais, sob o n\u00famero 400501149. O seu primeiro e \u00faltimo objectivo \u00e9 ser uma empresa de refer\u00eancia nos servi\u00e7os prestados, disponibilizando para o efeito de uma equipa [&hellip;]<\/p>\n","protected":false},"author":1,"featured_media":0,"parent":0,"menu_order":0,"comment_status":"closed","ping_status":"closed","template":"elementor_header_footer","meta":{"footnotes":""},"class_list":["post-182","page","type-page","status-publish","hentry"],"_links":{"self":[{"href":"https:\/\/www.liasseservicos.co.mz\/index.php?rest_route=\/wp\/v2\/pages\/182","targetHints":{"allow":["GET"]}}],"collection":[{"href":"https:\/\/www.liasseservicos.co.mz\/index.php?rest_route=\/wp\/v2\/pages"}],"about":[{"href":"https:\/\/www.liasseservicos.co.mz\/index.php?rest_route=\/wp\/v2\/types\/page"}],"author":[{"embeddable":true,"href":"https:\/\/www.liasseservicos.co.mz\/index.php?rest_route=\/wp\/v2\/users\/1"}],"replies":[{"embeddable":true,"href":"https:\/\/www.liasseservicos.co.mz\/index.php?rest_route=%2Fwp%2Fv2%2Fcomments&post=182"}],"version-history":[{"count":0,"href":"https:\/\/www.liasseservicos.co.mz\/index.php?rest_route=\/wp\/v2\/pages\/182\/revisions"}],"wp:attachment":[{"href":"https:\/\/www.liasseservicos.co.mz\/index.php?rest_route=%2Fwp%2Fv2%2Fmedia&parent=182"}],"curies":[{"name":"wp","href":"https:\/\/api.w.org\/{rel}","templated":true}]}}