{"id":185,"date":"2023-05-31T12:27:28","date_gmt":"2023-05-31T12:27:28","guid":{"rendered":"https:\/\/www.liasseservicos.co.mz\/?page_id=185"},"modified":"2023-06-01T07:42:19","modified_gmt":"2023-06-01T07:42:19","slug":"clientes","status":"publish","type":"page","link":"https:\/\/www.liasseservicos.co.mz\/?page_id=185","title":{"rendered":"Clientes"},"content":{"rendered":"\t\t<div data-elementor-type=\"wp-page\" data-elementor-id=\"185\" class=\"elementor elementor-185\">\n\t\t\t\t\t\t<section class=\"elementor-section elementor-top-section elementor-element elementor-element-cd1fc5b elementor-section-boxed elementor-section-height-default elementor-section-height-default\" data-id=\"cd1fc5b\" data-element_type=\"section\" data-e-type=\"section\">\n\t\t\t\t\t\t<div class=\"elementor-container elementor-column-gap-default\">\n\t\t\t\t\t<div class=\"elementor-column elementor-col-100 elementor-top-column elementor-element elementor-element-697c8ee\" data-id=\"697c8ee\" data-element_type=\"column\" data-e-type=\"column\">\n\t\t\t<div class=\"elementor-widget-wrap elementor-element-populated\">\n\t\t\t\t\t\t<div class=\"elementor-element elementor-element-735f486 elementor-widget elementor-widget-heading\" data-id=\"735f486\" data-element_type=\"widget\" data-e-type=\"widget\" data-widget_type=\"heading.default\">\n\t\t\t\t<div class=\"elementor-widget-container\">\n\t\t\t\t\t<h4 class=\"elementor-heading-title elementor-size-default\">Os nossos clientes<\/h4>\t\t\t\t<\/div>\n\t\t\t\t<\/div>\n\t\t\t\t<div class=\"elementor-element elementor-element-b91dbac elementor-widget elementor-widget-text-editor\" data-id=\"b91dbac\" data-element_type=\"widget\" data-e-type=\"widget\" data-widget_type=\"text-editor.default\">\n\t\t\t\t<div class=\"elementor-widget-container\">\n\t\t\t\t\t\t\t\t\t<p>No presente, a Liasse &amp; Servi\u00e7os tem contractos para fornecimento de refei\u00e7\u00f5es e catering aos funcion\u00e1rios em diversas institui\u00e7\u00f5es, onde fornece mais de<br \/>250 refei\u00e7\u00f5es di\u00e1rias.<\/p><h5><strong>Dentre elas podem se destacar:<\/strong><\/h5>\t\t\t\t\t\t\t\t<\/div>\n\t\t\t\t<\/div>\n\t\t\t\t\t<\/div>\n\t\t<\/div>\n\t\t\t\t\t<\/div>\n\t\t<\/section>\n\t\t\t\t<section class=\"elementor-section elementor-top-section elementor-element elementor-element-9cbec6a elementor-section-boxed elementor-section-height-default elementor-section-height-default\" data-id=\"9cbec6a\" data-element_type=\"section\" data-e-type=\"section\">\n\t\t\t\t\t\t<div class=\"elementor-container elementor-column-gap-default\">\n\t\t\t\t\t<div class=\"elementor-column elementor-col-50 elementor-top-column elementor-element elementor-element-aaaed8b\" data-id=\"aaaed8b\" data-element_type=\"column\" data-e-type=\"column\">\n\t\t\t<div class=\"elementor-widget-wrap elementor-element-populated\">\n\t\t\t\t\t\t<div class=\"elementor-element elementor-element-9c65a76 elementor-widget elementor-widget-text-editor\" data-id=\"9c65a76\" data-element_type=\"widget\" data-e-type=\"widget\" data-widget_type=\"text-editor.default\">\n\t\t\t\t<div class=\"elementor-widget-container\">\n\t\t\t\t\t\t\t\t\t<ul><li>Minist\u00e9rio da Ci\u00eancia e Tecnologia<\/li><li>Minist\u00e9rio da Educa\u00e7\u00e3o<\/li><li>Conselho Municipal de Maputo<\/li><li>Minist\u00e9rio da Sa\u00fade<\/li><li>Assembleia da Republica<\/li><li>Iscisa (Instituto Superior de Ci\u00eancias em Sa\u00fade)<\/li><li>FDC (Funda\u00e7\u00e3o para o desenvolvimento da Comunidade)<\/li><li>ANP (Administra\u00e7\u00e3o Nacional das Pescas)<\/li><li>Conselho Municipal de Maputo<\/li><li>INAHINA<\/li><li>ISCISA<\/li><li>ICAP \u2013 Global Hearth Action<\/li><li>Save the Children<\/li><li>Secretaria do Estado do Desporto<\/li><li>SDO &#8211; Consultoria<\/li><li>ANP<\/li><\/ul>\t\t\t\t\t\t\t\t<\/div>\n\t\t\t\t<\/div>\n\t\t\t\t\t<\/div>\n\t\t<\/div>\n\t\t\t\t<div class=\"elementor-column elementor-col-50 elementor-top-column elementor-element elementor-element-9e6748d\" data-id=\"9e6748d\" data-element_type=\"column\" data-e-type=\"column\">\n\t\t\t<div class=\"elementor-widget-wrap elementor-element-populated\">\n\t\t\t\t\t\t<div class=\"elementor-element elementor-element-6252bb8 elementor-widget elementor-widget-text-editor\" data-id=\"6252bb8\" data-element_type=\"widget\" data-e-type=\"widget\" data-widget_type=\"text-editor.default\">\n\t\t\t\t<div class=\"elementor-widget-container\">\n\t\t\t\t\t\t\t\t\t<ul><li>Banco Mundial<\/li><li>ADPP<\/li><li>UEM<\/li><li>UJC<\/li><li>INSS<\/li><li>FDC<\/li><li>Dire\u00e7\u00e3o da Agricultura e Seguran\u00e7a Alimentar<\/li><li>MAIP &#8211; Minist\u00e9rio do Mar Aguas Interiores e Pescas<\/li><li>NAQ &#8211; Conselho Nacional de Avalia\u00e7\u00e3o de Qualidade<\/li><li>NI &#8211; Fundo Nacional de Investiga\u00e7\u00e3o<\/li><li>ROSC- Civil Society F\u00f3rum for children Rights in Moz<\/li><li>Dire\u00e7\u00e3o Nacional de Gest\u00e1o de Recursos H\u00eddricos<\/li><li>Formato Lda<\/li><li>INED &#8211; Inst. Nacional de Educa\u00e7\u00e3o a Distancia<\/li><li>HGM &#8211; Hospital Geral de Mavalane<\/li><li>Sub-Procuradoria da Cidade de Maputo<\/li><\/ul>\t\t\t\t\t\t\t\t<\/div>\n\t\t\t\t<\/div>\n\t\t\t\t\t<\/div>\n\t\t<\/div>\n\t\t\t\t\t<\/div>\n\t\t<\/section>\n\t\t\t\t<section class=\"elementor-section elementor-top-section elementor-element elementor-element-f9f2e2c elementor-section-boxed elementor-section-height-default elementor-section-height-default\" data-id=\"f9f2e2c\" data-element_type=\"section\" data-e-type=\"section\">\n\t\t\t\t\t\t<div class=\"elementor-container elementor-column-gap-default\">\n\t\t\t\t\t<div class=\"elementor-column elementor-col-100 elementor-top-column elementor-element elementor-element-abb6b63\" data-id=\"abb6b63\" data-element_type=\"column\" data-e-type=\"column\">\n\t\t\t<div class=\"elementor-widget-wrap elementor-element-populated\">\n\t\t\t\t\t\t<div class=\"elementor-element elementor-element-8dfe799 elementor-widget elementor-widget-text-editor\" data-id=\"8dfe799\" data-element_type=\"widget\" data-e-type=\"widget\" data-widget_type=\"text-editor.default\">\n\t\t\t\t<div class=\"elementor-widget-container\">\n\t\t\t\t\t\t\t\t\t<p><strong>Igualmente oferecemos a outras empresas servi\u00e7os de catering pontualmente.<\/strong><\/p>\t\t\t\t\t\t\t\t<\/div>\n\t\t\t\t<\/div>\n\t\t\t\t\t<\/div>\n\t\t<\/div>\n\t\t\t\t\t<\/div>\n\t\t<\/section>\n\t\t\t\t<section class=\"elementor-section elementor-top-section elementor-element elementor-element-a484d32 elementor-section-boxed elementor-section-height-default elementor-section-height-default\" data-id=\"a484d32\" data-element_type=\"section\" data-e-type=\"section\">\n\t\t\t\t\t\t<div class=\"elementor-container elementor-column-gap-default\">\n\t\t\t\t\t<div class=\"elementor-column elementor-col-25 elementor-top-column elementor-element elementor-element-f65678a\" data-id=\"f65678a\" data-element_type=\"column\" data-e-type=\"column\">\n\t\t\t<div class=\"elementor-widget-wrap elementor-element-populated\">\n\t\t\t\t\t\t<div class=\"elementor-element elementor-element-1a6dc0f elementor-widget elementor-widget-image\" data-id=\"1a6dc0f\" data-element_type=\"widget\" data-e-type=\"widget\" data-widget_type=\"image.default\">\n\t\t\t\t<div class=\"elementor-widget-container\">\n\t\t\t\t\t\t\t\t\t\t\t\t\t\t\t<img decoding=\"async\" width=\"189\" height=\"189\" src=\"https:\/\/www.liasseservicos.co.mz\/wp-content\/uploads\/2023\/05\/y-a-hak-2a.png\" class=\"attachment-large size-large wp-image-225\" alt=\"\" srcset=\"https:\/\/www.liasseservicos.co.mz\/wp-content\/uploads\/2023\/05\/y-a-hak-2a.png 189w, https:\/\/www.liasseservicos.co.mz\/wp-content\/uploads\/2023\/05\/y-a-hak-2a-150x150.png 150w\" sizes=\"(max-width: 189px) 100vw, 189px\" \/>\t\t\t\t\t\t\t\t\t\t\t\t\t\t\t<\/div>\n\t\t\t\t<\/div>\n\t\t\t\t\t<\/div>\n\t\t<\/div>\n\t\t\t\t<div class=\"elementor-column elementor-col-25 elementor-top-column elementor-element elementor-element-d336eb2\" data-id=\"d336eb2\" data-element_type=\"column\" data-e-type=\"column\">\n\t\t\t<div class=\"elementor-widget-wrap elementor-element-populated\">\n\t\t\t\t\t\t<div class=\"elementor-element elementor-element-74140af elementor-widget elementor-widget-image\" data-id=\"74140af\" data-element_type=\"widget\" data-e-type=\"widget\" data-widget_type=\"image.default\">\n\t\t\t\t<div class=\"elementor-widget-container\">\n\t\t\t\t\t\t\t\t\t\t\t\t\t\t\t<img fetchpriority=\"high\" decoding=\"async\" width=\"321\" height=\"200\" src=\"https:\/\/www.liasseservicos.co.mz\/wp-content\/uploads\/2023\/05\/dinamarca.jpg\" class=\"attachment-large size-large wp-image-236\" alt=\"\" srcset=\"https:\/\/www.liasseservicos.co.mz\/wp-content\/uploads\/2023\/05\/dinamarca.jpg 321w, https:\/\/www.liasseservicos.co.mz\/wp-content\/uploads\/2023\/05\/dinamarca-300x187.jpg 300w\" sizes=\"(max-width: 321px) 100vw, 321px\" \/>\t\t\t\t\t\t\t\t\t\t\t\t\t\t\t<\/div>\n\t\t\t\t<\/div>\n\t\t\t\t\t<\/div>\n\t\t<\/div>\n\t\t\t\t<div class=\"elementor-column elementor-col-25 elementor-top-column elementor-element elementor-element-c660292\" data-id=\"c660292\" data-element_type=\"column\" data-e-type=\"column\">\n\t\t\t<div class=\"elementor-widget-wrap elementor-element-populated\">\n\t\t\t\t\t\t<div class=\"elementor-element elementor-element-7012ed2 elementor-widget elementor-widget-image\" data-id=\"7012ed2\" data-element_type=\"widget\" data-e-type=\"widget\" data-widget_type=\"image.default\">\n\t\t\t\t<div class=\"elementor-widget-container\">\n\t\t\t\t\t\t\t\t\t\t\t\t\t\t\t<img decoding=\"async\" width=\"321\" height=\"200\" src=\"https:\/\/www.liasseservicos.co.mz\/wp-content\/uploads\/2023\/06\/minist.jpg\" class=\"attachment-large size-large wp-image-530\" alt=\"\" srcset=\"https:\/\/www.liasseservicos.co.mz\/wp-content\/uploads\/2023\/06\/minist.jpg 321w, https:\/\/www.liasseservicos.co.mz\/wp-content\/uploads\/2023\/06\/minist-300x187.jpg 300w\" sizes=\"(max-width: 321px) 100vw, 321px\" \/>\t\t\t\t\t\t\t\t\t\t\t\t\t\t\t<\/div>\n\t\t\t\t<\/div>\n\t\t\t\t\t<\/div>\n\t\t<\/div>\n\t\t\t\t<div class=\"elementor-column elementor-col-25 elementor-top-column elementor-element elementor-element-217941d\" data-id=\"217941d\" data-element_type=\"column\" data-e-type=\"column\">\n\t\t\t<div class=\"elementor-widget-wrap elementor-element-populated\">\n\t\t\t\t\t\t<div class=\"elementor-element elementor-element-0f119ae elementor-widget elementor-widget-image\" data-id=\"0f119ae\" data-element_type=\"widget\" data-e-type=\"widget\" data-widget_type=\"image.default\">\n\t\t\t\t<div class=\"elementor-widget-container\">\n\t\t\t\t\t\t\t\t\t\t\t\t\t\t\t<img loading=\"lazy\" decoding=\"async\" width=\"321\" height=\"200\" src=\"https:\/\/www.liasseservicos.co.mz\/wp-content\/uploads\/2023\/06\/a-cfm.jpg\" class=\"attachment-large size-large wp-image-534\" alt=\"\" srcset=\"https:\/\/www.liasseservicos.co.mz\/wp-content\/uploads\/2023\/06\/a-cfm.jpg 321w, https:\/\/www.liasseservicos.co.mz\/wp-content\/uploads\/2023\/06\/a-cfm-300x187.jpg 300w\" sizes=\"(max-width: 321px) 100vw, 321px\" \/>\t\t\t\t\t\t\t\t\t\t\t\t\t\t\t<\/div>\n\t\t\t\t<\/div>\n\t\t\t\t\t<\/div>\n\t\t<\/div>\n\t\t\t\t\t<\/div>\n\t\t<\/section>\n\t\t\t\t<\/div>\n\t\t","protected":false},"excerpt":{"rendered":"<p>Os nossos clientes No presente, a Liasse &amp; Servi\u00e7os tem contractos para fornecimento de refei\u00e7\u00f5es e catering aos funcion\u00e1rios em diversas institui\u00e7\u00f5es, onde fornece mais de 250 refei\u00e7\u00f5es di\u00e1rias. Dentre elas podem se destacar: Minist\u00e9rio da Ci\u00eancia e Tecnologia Minist\u00e9rio da Educa\u00e7\u00e3o Conselho Municipal de Maputo Minist\u00e9rio da Sa\u00fade Assembleia da Republica Iscisa (Instituto Superior [&hellip;]<\/p>\n","protected":false},"author":1,"featured_media":0,"parent":0,"menu_order":0,"comment_status":"closed","ping_status":"closed","template":"elementor_header_footer","meta":{"footnotes":""},"class_list":["post-185","page","type-page","status-publish","hentry"],"_links":{"self":[{"href":"https:\/\/www.liasseservicos.co.mz\/index.php?rest_route=\/wp\/v2\/pages\/185","targetHints":{"allow":["GET"]}}],"collection":[{"href":"https:\/\/www.liasseservicos.co.mz\/index.php?rest_route=\/wp\/v2\/pages"}],"about":[{"href":"https:\/\/www.liasseservicos.co.mz\/index.php?rest_route=\/wp\/v2\/types\/page"}],"author":[{"embeddable":true,"href":"https:\/\/www.liasseservicos.co.mz\/index.php?rest_route=\/wp\/v2\/users\/1"}],"replies":[{"embeddable":true,"href":"https:\/\/www.liasseservicos.co.mz\/index.php?rest_route=%2Fwp%2Fv2%2Fcomments&post=185"}],"version-history":[{"count":0,"href":"https:\/\/www.liasseservicos.co.mz\/index.php?rest_route=\/wp\/v2\/pages\/185\/revisions"}],"wp:attachment":[{"href":"https:\/\/www.liasseservicos.co.mz\/index.php?rest_route=%2Fwp%2Fv2%2Fmedia&parent=185"}],"curies":[{"name":"wp","href":"https:\/\/api.w.org\/{rel}","templated":true}]}}