{"id":187,"date":"2023-05-31T12:27:59","date_gmt":"2023-05-31T12:27:59","guid":{"rendered":"https:\/\/www.liasseservicos.co.mz\/?page_id=187"},"modified":"2023-06-01T07:33:18","modified_gmt":"2023-06-01T07:33:18","slug":"servicos","status":"publish","type":"page","link":"https:\/\/www.liasseservicos.co.mz\/?page_id=187","title":{"rendered":"Servi\u00e7os"},"content":{"rendered":"\t\t<div data-elementor-type=\"wp-page\" data-elementor-id=\"187\" class=\"elementor elementor-187\">\n\t\t\t\t\t\t<section class=\"elementor-section elementor-top-section elementor-element elementor-element-8f519c8 elementor-section-boxed elementor-section-height-default elementor-section-height-default\" data-id=\"8f519c8\" data-element_type=\"section\" data-e-type=\"section\">\n\t\t\t\t\t\t<div class=\"elementor-container elementor-column-gap-default\">\n\t\t\t\t\t<div class=\"elementor-column elementor-col-100 elementor-top-column elementor-element elementor-element-61df93e\" data-id=\"61df93e\" data-element_type=\"column\" data-e-type=\"column\">\n\t\t\t<div class=\"elementor-widget-wrap elementor-element-populated\">\n\t\t\t\t\t\t<div class=\"elementor-element elementor-element-f047a43 elementor-widget elementor-widget-heading\" data-id=\"f047a43\" data-element_type=\"widget\" data-e-type=\"widget\" data-widget_type=\"heading.default\">\n\t\t\t\t<div class=\"elementor-widget-container\">\n\t\t\t\t\t<h2 class=\"elementor-heading-title elementor-size-default\">Os nossos servi\u00e7os<\/h2>\t\t\t\t<\/div>\n\t\t\t\t<\/div>\n\t\t\t\t\t<\/div>\n\t\t<\/div>\n\t\t\t\t\t<\/div>\n\t\t<\/section>\n\t\t\t\t<section class=\"elementor-section elementor-top-section elementor-element elementor-element-6179056 elementor-section-boxed elementor-section-height-default elementor-section-height-default\" data-id=\"6179056\" data-element_type=\"section\" data-e-type=\"section\">\n\t\t\t\t\t\t<div class=\"elementor-container elementor-column-gap-default\">\n\t\t\t\t\t<div class=\"elementor-column elementor-col-33 elementor-top-column elementor-element elementor-element-9343afb\" data-id=\"9343afb\" data-element_type=\"column\" data-e-type=\"column\">\n\t\t\t<div class=\"elementor-widget-wrap elementor-element-populated\">\n\t\t\t\t\t\t<div class=\"elementor-element elementor-element-f724895 elementor-position-top elementor-widget elementor-widget-image-box\" data-id=\"f724895\" data-element_type=\"widget\" data-e-type=\"widget\" data-widget_type=\"image-box.default\">\n\t\t\t\t<div class=\"elementor-widget-container\">\n\t\t\t\t\t<div class=\"elementor-image-box-wrapper\"><figure class=\"elementor-image-box-img\"><img fetchpriority=\"high\" decoding=\"async\" width=\"408\" height=\"408\" src=\"https:\/\/www.liasseservicos.co.mz\/wp-content\/uploads\/2023\/06\/a-comida.jpg\" class=\"attachment-full size-full wp-image-493\" alt=\"\" srcset=\"https:\/\/www.liasseservicos.co.mz\/wp-content\/uploads\/2023\/06\/a-comida.jpg 408w, https:\/\/www.liasseservicos.co.mz\/wp-content\/uploads\/2023\/06\/a-comida-300x300.jpg 300w, https:\/\/www.liasseservicos.co.mz\/wp-content\/uploads\/2023\/06\/a-comida-150x150.jpg 150w\" sizes=\"(max-width: 408px) 100vw, 408px\" \/><\/figure><div class=\"elementor-image-box-content\"><h3 class=\"elementor-image-box-title\">Fornecemos<\/h3><p class=\"elementor-image-box-description\">lanches, almojos, jantares e cocktails de acordo com a solicitac\u00e3o dos nossos clientes\n<\/p><\/div><\/div>\t\t\t\t<\/div>\n\t\t\t\t<\/div>\n\t\t\t\t\t<\/div>\n\t\t<\/div>\n\t\t\t\t<div class=\"elementor-column elementor-col-33 elementor-top-column elementor-element elementor-element-56d1876\" data-id=\"56d1876\" data-element_type=\"column\" data-e-type=\"column\">\n\t\t\t<div class=\"elementor-widget-wrap elementor-element-populated\">\n\t\t\t\t\t\t<div class=\"elementor-element elementor-element-32f16e4 elementor-position-top elementor-widget elementor-widget-image-box\" data-id=\"32f16e4\" data-element_type=\"widget\" data-e-type=\"widget\" data-widget_type=\"image-box.default\">\n\t\t\t\t<div class=\"elementor-widget-container\">\n\t\t\t\t\t<div class=\"elementor-image-box-wrapper\"><figure class=\"elementor-image-box-img\"><img decoding=\"async\" width=\"408\" height=\"408\" src=\"https:\/\/www.liasseservicos.co.mz\/wp-content\/uploads\/2023\/06\/a-gestao.jpg\" class=\"attachment-full size-full wp-image-489\" alt=\"\" srcset=\"https:\/\/www.liasseservicos.co.mz\/wp-content\/uploads\/2023\/06\/a-gestao.jpg 408w, https:\/\/www.liasseservicos.co.mz\/wp-content\/uploads\/2023\/06\/a-gestao-300x300.jpg 300w, https:\/\/www.liasseservicos.co.mz\/wp-content\/uploads\/2023\/06\/a-gestao-150x150.jpg 150w\" sizes=\"(max-width: 408px) 100vw, 408px\" \/><\/figure><div class=\"elementor-image-box-content\"><h3 class=\"elementor-image-box-title\">Fazemos a gest\u00e3o<\/h3><p class=\"elementor-image-box-description\">de refeitorios e Centros Sociais\n<\/p><\/div><\/div>\t\t\t\t<\/div>\n\t\t\t\t<\/div>\n\t\t\t\t\t<\/div>\n\t\t<\/div>\n\t\t\t\t<div class=\"elementor-column elementor-col-33 elementor-top-column elementor-element elementor-element-fa6af9f\" data-id=\"fa6af9f\" data-element_type=\"column\" data-e-type=\"column\">\n\t\t\t<div class=\"elementor-widget-wrap elementor-element-populated\">\n\t\t\t\t\t\t<div class=\"elementor-element elementor-element-90668fe elementor-position-top elementor-widget elementor-widget-image-box\" data-id=\"90668fe\" data-element_type=\"widget\" data-e-type=\"widget\" data-widget_type=\"image-box.default\">\n\t\t\t\t<div class=\"elementor-widget-container\">\n\t\t\t\t\t<div class=\"elementor-image-box-wrapper\"><figure class=\"elementor-image-box-img\"><img decoding=\"async\" width=\"408\" height=\"408\" src=\"https:\/\/www.liasseservicos.co.mz\/wp-content\/uploads\/2023\/06\/a-entregas-1.jpg\" class=\"attachment-full size-full wp-image-526\" alt=\"\" srcset=\"https:\/\/www.liasseservicos.co.mz\/wp-content\/uploads\/2023\/06\/a-entregas-1.jpg 408w, https:\/\/www.liasseservicos.co.mz\/wp-content\/uploads\/2023\/06\/a-entregas-1-300x300.jpg 300w, https:\/\/www.liasseservicos.co.mz\/wp-content\/uploads\/2023\/06\/a-entregas-1-150x150.jpg 150w\" sizes=\"(max-width: 408px) 100vw, 408px\" \/><\/figure><div class=\"elementor-image-box-content\"><h3 class=\"elementor-image-box-title\">Fazemos entregas di\u00e1rias<\/h3><p class=\"elementor-image-box-description\">ao domicilio de refei\u00e7\u00f5es para colaboradores de instituigoes publicas e privadas, em transportes pr\u00f3prios devidamente\nequipados de sistemas de frio e linha de comunica\u00e7\u00e3o para a equipa de trabalho\n<\/p><\/div><\/div>\t\t\t\t<\/div>\n\t\t\t\t<\/div>\n\t\t\t\t\t<\/div>\n\t\t<\/div>\n\t\t\t\t\t<\/div>\n\t\t<\/section>\n\t\t\t\t<\/div>\n\t\t","protected":false},"excerpt":{"rendered":"<p>Os nossos servi\u00e7os Fornecemos lanches, almojos, jantares e cocktails de acordo com a solicitac\u00e3o dos nossos clientes Fazemos a gest\u00e3o de refeitorios e Centros Sociais Fazemos entregas di\u00e1rias ao domicilio de refei\u00e7\u00f5es para colaboradores de instituigoes publicas e privadas, em transportes pr\u00f3prios devidamente equipados de sistemas de frio e linha de comunica\u00e7\u00e3o para a equipa [&hellip;]<\/p>\n","protected":false},"author":1,"featured_media":0,"parent":0,"menu_order":0,"comment_status":"closed","ping_status":"closed","template":"elementor_header_footer","meta":{"footnotes":""},"class_list":["post-187","page","type-page","status-publish","hentry"],"_links":{"self":[{"href":"https:\/\/www.liasseservicos.co.mz\/index.php?rest_route=\/wp\/v2\/pages\/187","targetHints":{"allow":["GET"]}}],"collection":[{"href":"https:\/\/www.liasseservicos.co.mz\/index.php?rest_route=\/wp\/v2\/pages"}],"about":[{"href":"https:\/\/www.liasseservicos.co.mz\/index.php?rest_route=\/wp\/v2\/types\/page"}],"author":[{"embeddable":true,"href":"https:\/\/www.liasseservicos.co.mz\/index.php?rest_route=\/wp\/v2\/users\/1"}],"replies":[{"embeddable":true,"href":"https:\/\/www.liasseservicos.co.mz\/index.php?rest_route=%2Fwp%2Fv2%2Fcomments&post=187"}],"version-history":[{"count":0,"href":"https:\/\/www.liasseservicos.co.mz\/index.php?rest_route=\/wp\/v2\/pages\/187\/revisions"}],"wp:attachment":[{"href":"https:\/\/www.liasseservicos.co.mz\/index.php?rest_route=%2Fwp%2Fv2%2Fmedia&parent=187"}],"curies":[{"name":"wp","href":"https:\/\/api.w.org\/{rel}","templated":true}]}}